{"id":123,"date":"2024-03-05T14:53:48","date_gmt":"2024-03-05T14:53:48","guid":{"rendered":"https:\/\/dijitalmedyaarastirmalari.org.tr\/?page_id=123"},"modified":"2024-03-05T14:59:13","modified_gmt":"2024-03-05T14:59:13","slug":"projeler","status":"publish","type":"page","link":"https:\/\/dijitalmedyaarastirmalari.org.tr\/index.php\/projeler\/","title":{"rendered":"Projeler"},"content":{"rendered":"\t\t<div data-elementor-type=\"wp-page\" data-elementor-id=\"123\" class=\"elementor elementor-123\">\n\t\t\t\t<div class=\"elementor-element elementor-element-1bafcbb e-flex e-con-boxed e-con e-parent\" data-id=\"1bafcbb\" data-element_type=\"container\">\n\t\t\t\t\t<div class=\"e-con-inner\">\n\t\t<div class=\"elementor-element elementor-element-f618cdd e-con-full e-flex e-con e-child\" data-id=\"f618cdd\" data-element_type=\"container\">\n\t\t\t\t<div class=\"elementor-element elementor-element-8cb5ca3 elementor-widget elementor-widget-image\" data-id=\"8cb5ca3\" data-element_type=\"widget\" data-widget_type=\"image.default\">\n\t\t\t\t<div class=\"elementor-widget-container\">\n\t\t\t\t\t\t\t\t\t\t\t\t\t\t\t\t<a href=\"https:\/\/www.newslabturkey.org\/\">\n\t\t\t\t\t\t\t<img fetchpriority=\"high\" decoding=\"async\" width=\"500\" height=\"500\" src=\"https:\/\/dijitalmedyaarastirmalari.org.tr\/wp-content\/uploads\/2024\/03\/5.png\" class=\"attachment-large size-large wp-image-21\" alt=\"\" srcset=\"https:\/\/dijitalmedyaarastirmalari.org.tr\/wp-content\/uploads\/2024\/03\/5.png 500w, https:\/\/dijitalmedyaarastirmalari.org.tr\/wp-content\/uploads\/2024\/03\/5-300x300.png 300w, https:\/\/dijitalmedyaarastirmalari.org.tr\/wp-content\/uploads\/2024\/03\/5-150x150.png 150w\" sizes=\"(max-width: 500px) 100vw, 500px\" \/>\t\t\t\t\t\t\t\t<\/a>\n\t\t\t\t\t\t\t\t\t\t\t\t\t\t\t<\/div>\n\t\t\t\t<\/div>\n\t\t\t\t<\/div>\n\t\t<div class=\"elementor-element elementor-element-9f0a339 e-con-full e-flex e-con e-child\" data-id=\"9f0a339\" data-element_type=\"container\">\n\t\t\t\t<div class=\"elementor-element elementor-element-c97ccd0 elementor-widget elementor-widget-text-editor\" data-id=\"c97ccd0\" data-element_type=\"widget\" data-widget_type=\"text-editor.default\">\n\t\t\t\t<div class=\"elementor-widget-container\">\n\t\t\t\t\t\t\t\t\t<p><br><\/p><p>2018\u2019den bu yana NewsLabTurkey.org olarak d\u00fcnyada ve T\u00fcrkiye\u2019deki gazetecilik end\u00fcstrisine ili\u015fkin geli\u015fmeleri websitemiz \u00fczerinden T\u00fcrkiyeli gazetecilerle payla\u015f\u0131yoruz. T\u00fcrkiye\u2019deki gazetecilere y\u00f6nelik ilk e-b\u00fclten olan \u201cNe Okuyoruz\u201d her hafta 3000\u2019i a\u015fk\u0131n ki\u015finin gelen kutusuna ula\u015f\u0131yor.<\/p>\t\t\t\t\t\t\t\t<\/div>\n\t\t\t\t<\/div>\n\t\t\t\t<\/div>\n\t\t<div class=\"elementor-element elementor-element-dbc20c8 e-flex e-con-boxed e-con e-child\" data-id=\"dbc20c8\" data-element_type=\"container\">\n\t\t\t\t\t<div class=\"e-con-inner\">\n\t\t<div class=\"elementor-element elementor-element-eb5c22c e-con-full e-flex e-con e-child\" data-id=\"eb5c22c\" data-element_type=\"container\">\n\t\t\t\t<div class=\"elementor-element elementor-element-ff17fd9 elementor-widget elementor-widget-image\" data-id=\"ff17fd9\" data-element_type=\"widget\" data-widget_type=\"image.default\">\n\t\t\t\t<div class=\"elementor-widget-container\">\n\t\t\t\t\t\t\t\t\t\t\t\t\t\t\t\t<a href=\"https:\/\/www.newslabturkey.org\/\">\n\t\t\t\t\t\t\t<img decoding=\"async\" width=\"500\" height=\"500\" src=\"https:\/\/dijitalmedyaarastirmalari.org.tr\/wp-content\/uploads\/2024\/03\/4.png\" class=\"attachment-large size-large wp-image-20\" alt=\"\" srcset=\"https:\/\/dijitalmedyaarastirmalari.org.tr\/wp-content\/uploads\/2024\/03\/4.png 500w, https:\/\/dijitalmedyaarastirmalari.org.tr\/wp-content\/uploads\/2024\/03\/4-300x300.png 300w, https:\/\/dijitalmedyaarastirmalari.org.tr\/wp-content\/uploads\/2024\/03\/4-150x150.png 150w\" sizes=\"(max-width: 500px) 100vw, 500px\" \/>\t\t\t\t\t\t\t\t<\/a>\n\t\t\t\t\t\t\t\t\t\t\t\t\t\t\t<\/div>\n\t\t\t\t<\/div>\n\t\t\t\t<\/div>\n\t\t<div class=\"elementor-element elementor-element-f56223c e-con-full e-flex e-con e-child\" data-id=\"f56223c\" data-element_type=\"container\">\n\t\t\t\t<div class=\"elementor-element elementor-element-7b1372b elementor-widget elementor-widget-text-editor\" data-id=\"7b1372b\" data-element_type=\"widget\" data-widget_type=\"text-editor.default\">\n\t\t\t\t<div class=\"elementor-widget-container\">\n\t\t\t\t\t\t\t\t\tHer y\u0131l ulusal ve yerel d\u00fczeyde 24 projenin kat\u0131ld\u0131\u011f\u0131 kulu\u00e7ka program\u0131m\u0131zda medya profesyonellerine hayallerini ger\u00e7ekle\u015ftirmeleri i\u00e7in destek oluyoruz. Kulu\u00e7ka Program\u0131\u2019na kat\u0131lanlar at\u00f6lyelere kat\u0131lma, alan\u0131nda uzman ki\u015filerden dan\u0131\u015fmanl\u0131k alma ve projelerini hayata ge\u00e7irmek i\u00e7in kullanacaklar\u0131 bir mikro hibeye eri\u015fim sa\u011fl\u0131yorlar.\n\n\t\t\t\t\t\t\t\t<\/div>\n\t\t\t\t<\/div>\n\t\t\t\t<\/div>\n\t\t\t\t\t<\/div>\n\t\t\t\t<\/div>\n\t\t\t\t\t<\/div>\n\t\t\t\t<\/div>\n\t\t<div class=\"elementor-element elementor-element-d2b1250 e-flex e-con-boxed e-con e-parent\" data-id=\"d2b1250\" data-element_type=\"container\">\n\t\t\t\t\t<div class=\"e-con-inner\">\n\t\t<div class=\"elementor-element elementor-element-8e9ba40 e-con-full e-flex e-con e-child\" data-id=\"8e9ba40\" data-element_type=\"container\">\n\t\t\t\t<div class=\"elementor-element elementor-element-63d6a27 elementor-widget elementor-widget-image\" data-id=\"63d6a27\" data-element_type=\"widget\" data-widget_type=\"image.default\">\n\t\t\t\t<div class=\"elementor-widget-container\">\n\t\t\t\t\t\t\t\t\t\t\t\t\t\t\t\t<a href=\"https:\/\/www.newslabturkey.org\/\">\n\t\t\t\t\t\t\t<img decoding=\"async\" width=\"500\" height=\"500\" src=\"https:\/\/dijitalmedyaarastirmalari.org.tr\/wp-content\/uploads\/2024\/03\/3.png\" class=\"attachment-large size-large wp-image-19\" alt=\"\" srcset=\"https:\/\/dijitalmedyaarastirmalari.org.tr\/wp-content\/uploads\/2024\/03\/3.png 500w, https:\/\/dijitalmedyaarastirmalari.org.tr\/wp-content\/uploads\/2024\/03\/3-300x300.png 300w, https:\/\/dijitalmedyaarastirmalari.org.tr\/wp-content\/uploads\/2024\/03\/3-150x150.png 150w\" sizes=\"(max-width: 500px) 100vw, 500px\" \/>\t\t\t\t\t\t\t\t<\/a>\n\t\t\t\t\t\t\t\t\t\t\t\t\t\t\t<\/div>\n\t\t\t\t<\/div>\n\t\t\t\t<\/div>\n\t\t<div class=\"elementor-element elementor-element-9aa488e e-con-full e-flex e-con e-child\" data-id=\"9aa488e\" data-element_type=\"container\">\n\t\t\t\t<div class=\"elementor-element elementor-element-540f743 elementor-widget elementor-widget-text-editor\" data-id=\"540f743\" data-element_type=\"widget\" data-widget_type=\"text-editor.default\">\n\t\t\t\t<div class=\"elementor-widget-container\">\n\t\t\t\t\t\t\t\t\t<p>T\u00fcrkiye\u2019de podcast alan\u0131 her ge\u00e7en g\u00fcn daha da b\u00fcy\u00fcyor. Biz de NewsLabTurkey olarak 2018\u2019de \u0130sve\u00e7\u2019te \u0130sve\u00e7 Enstit\u00fcs\u00fc ve The Guardian Foundation deste\u011fiyle d\u00fczenledi\u011fimiz at\u00f6lyeyle yola \u00e7\u0131kt\u0131k ve her y\u0131l d\u00fczenledi\u011fimiz at\u00f6lye ve etkinliklerle yola devam ediyoruz. Amac\u0131m\u0131z T\u00fcrkiye\u2019nin podcast alan\u0131na kaliteli i\u00e7erikler ve kuvvetli i\u00e7erik \u00fcreticiler kazand\u0131rmak.<\/p>\t\t\t\t\t\t\t\t<\/div>\n\t\t\t\t<\/div>\n\t\t\t\t<\/div>\n\t\t<div class=\"elementor-element elementor-element-32a9b19 e-flex e-con-boxed e-con e-child\" data-id=\"32a9b19\" data-element_type=\"container\">\n\t\t\t\t\t<div class=\"e-con-inner\">\n\t\t<div class=\"elementor-element elementor-element-9b33986 e-con-full e-flex e-con e-child\" data-id=\"9b33986\" data-element_type=\"container\">\n\t\t\t\t<div class=\"elementor-element elementor-element-a3e5da1 elementor-widget elementor-widget-image\" data-id=\"a3e5da1\" data-element_type=\"widget\" data-widget_type=\"image.default\">\n\t\t\t\t<div class=\"elementor-widget-container\">\n\t\t\t\t\t\t\t\t\t\t\t\t\t\t\t\t<a href=\"https:\/\/www.newslabturkey.org\/\">\n\t\t\t\t\t\t\t<img loading=\"lazy\" decoding=\"async\" width=\"500\" height=\"500\" src=\"https:\/\/dijitalmedyaarastirmalari.org.tr\/wp-content\/uploads\/2024\/03\/1.png\" class=\"attachment-large size-large wp-image-17\" alt=\"\" srcset=\"https:\/\/dijitalmedyaarastirmalari.org.tr\/wp-content\/uploads\/2024\/03\/1.png 500w, https:\/\/dijitalmedyaarastirmalari.org.tr\/wp-content\/uploads\/2024\/03\/1-300x300.png 300w, https:\/\/dijitalmedyaarastirmalari.org.tr\/wp-content\/uploads\/2024\/03\/1-150x150.png 150w\" sizes=\"(max-width: 500px) 100vw, 500px\" \/>\t\t\t\t\t\t\t\t<\/a>\n\t\t\t\t\t\t\t\t\t\t\t\t\t\t\t<\/div>\n\t\t\t\t<\/div>\n\t\t\t\t<\/div>\n\t\t<div class=\"elementor-element elementor-element-a6cbbb3 e-con-full e-flex e-con e-child\" data-id=\"a6cbbb3\" data-element_type=\"container\">\n\t\t\t\t<div class=\"elementor-element elementor-element-c27c385 elementor-widget elementor-widget-text-editor\" data-id=\"c27c385\" data-element_type=\"widget\" data-widget_type=\"text-editor.default\">\n\t\t\t\t<div class=\"elementor-widget-container\">\n\t\t\t\t\t\t\t\t\t<p>Yeni medya ve gazetecilik alan\u0131nda haftan\u0131n \u00f6ne \u00e7\u0131kan tart\u0131\u015fmalar\u0131 neler? Ahmet A. Sabanc\u0131 haftan\u0131n g\u00fcndemini her pazar NewsLabTurkey okurlar\u0131 i\u00e7in derliyor.<\/p>\t\t\t\t\t\t\t\t<\/div>\n\t\t\t\t<\/div>\n\t\t\t\t<\/div>\n\t\t\t\t\t<\/div>\n\t\t\t\t<\/div>\n\t\t\t\t\t<\/div>\n\t\t\t\t<\/div>\n\t\t<div class=\"elementor-element elementor-element-d14d78c e-flex e-con-boxed e-con e-parent\" data-id=\"d14d78c\" data-element_type=\"container\">\n\t\t\t\t\t<div class=\"e-con-inner\">\n\t\t<div class=\"elementor-element elementor-element-6086f10 e-con-full e-flex e-con e-child\" data-id=\"6086f10\" data-element_type=\"container\">\n\t\t\t\t<div class=\"elementor-element elementor-element-f1b1de8 elementor-widget elementor-widget-image\" data-id=\"f1b1de8\" data-element_type=\"widget\" data-widget_type=\"image.default\">\n\t\t\t\t<div class=\"elementor-widget-container\">\n\t\t\t\t\t\t\t\t\t\t\t\t\t\t\t\t<a href=\"https:\/\/www.newslabturkey.org\/\">\n\t\t\t\t\t\t\t<img loading=\"lazy\" decoding=\"async\" width=\"500\" height=\"500\" src=\"https:\/\/dijitalmedyaarastirmalari.org.tr\/wp-content\/uploads\/2024\/03\/2.png\" class=\"attachment-large size-large wp-image-18\" alt=\"\" srcset=\"https:\/\/dijitalmedyaarastirmalari.org.tr\/wp-content\/uploads\/2024\/03\/2.png 500w, https:\/\/dijitalmedyaarastirmalari.org.tr\/wp-content\/uploads\/2024\/03\/2-300x300.png 300w, https:\/\/dijitalmedyaarastirmalari.org.tr\/wp-content\/uploads\/2024\/03\/2-150x150.png 150w\" sizes=\"(max-width: 500px) 100vw, 500px\" \/>\t\t\t\t\t\t\t\t<\/a>\n\t\t\t\t\t\t\t\t\t\t\t\t\t\t\t<\/div>\n\t\t\t\t<\/div>\n\t\t\t\t<\/div>\n\t\t<div class=\"elementor-element elementor-element-ca5126b e-con-full e-flex e-con e-child\" data-id=\"ca5126b\" data-element_type=\"container\">\n\t\t\t\t<div class=\"elementor-element elementor-element-db337ae elementor-widget elementor-widget-text-editor\" data-id=\"db337ae\" data-element_type=\"widget\" data-widget_type=\"text-editor.default\">\n\t\t\t\t<div class=\"elementor-widget-container\">\n\t\t\t\t\t\t\t\t\tAra\u015ft\u0131rma birimimiz gazetecilik end\u00fcstrisindeki farkl\u0131 problemler ve geli\u015fmelerle ilgili teknik raporlar ve ara\u015ft\u0131rmalar yay\u0131nl\u0131yor. Ayr\u0131ca sivil toplum \u00f6rg\u00fctlerine ve ticari kurulu\u015flara medya ve ileti\u015fim alan\u0131nda ara\u015ft\u0131rma ve dan\u0131\u015fmanl\u0131k hizmeti sunuyor. Amac\u0131m\u0131z gazetecilik alan\u0131nda yar\u0131-akademik pragmatik yakla\u015f\u0131mlarla ara\u015ft\u0131rmalar yaparak sekt\u00f6rel ilerlemeye katk\u0131da bulunmak.\t\t\t\t\t\t\t\t<\/div>\n\t\t\t\t<\/div>\n\t\t\t\t<\/div>\n\t\t<div class=\"elementor-element elementor-element-22e8723 e-flex e-con-boxed e-con e-child\" data-id=\"22e8723\" data-element_type=\"container\">\n\t\t\t\t\t<div class=\"e-con-inner\">\n\t\t<div class=\"elementor-element elementor-element-90450cf e-con-full e-flex e-con e-child\" data-id=\"90450cf\" data-element_type=\"container\">\n\t\t\t\t<div class=\"elementor-element elementor-element-7b9a919 elementor-widget elementor-widget-image\" data-id=\"7b9a919\" data-element_type=\"widget\" data-widget_type=\"image.default\">\n\t\t\t\t<div class=\"elementor-widget-container\">\n\t\t\t\t\t\t\t\t\t\t\t\t\t\t\t\t<a href=\"https:\/\/www.newslabturkey.org\/\">\n\t\t\t\t\t\t\t<img loading=\"lazy\" decoding=\"async\" width=\"500\" height=\"500\" src=\"https:\/\/dijitalmedyaarastirmalari.org.tr\/wp-content\/uploads\/2024\/03\/n-equal.png\" class=\"attachment-large size-large wp-image-22\" alt=\"\" srcset=\"https:\/\/dijitalmedyaarastirmalari.org.tr\/wp-content\/uploads\/2024\/03\/n-equal.png 500w, https:\/\/dijitalmedyaarastirmalari.org.tr\/wp-content\/uploads\/2024\/03\/n-equal-300x300.png 300w, https:\/\/dijitalmedyaarastirmalari.org.tr\/wp-content\/uploads\/2024\/03\/n-equal-150x150.png 150w\" sizes=\"(max-width: 500px) 100vw, 500px\" \/>\t\t\t\t\t\t\t\t<\/a>\n\t\t\t\t\t\t\t\t\t\t\t\t\t\t\t<\/div>\n\t\t\t\t<\/div>\n\t\t\t\t<\/div>\n\t\t<div class=\"elementor-element elementor-element-ea05440 e-con-full e-flex e-con e-child\" data-id=\"ea05440\" data-element_type=\"container\">\n\t\t\t\t<div class=\"elementor-element elementor-element-c41c3a4 elementor-widget elementor-widget-text-editor\" data-id=\"c41c3a4\" data-element_type=\"widget\" data-widget_type=\"text-editor.default\">\n\t\t\t\t<div class=\"elementor-widget-container\">\n\t\t\t\t\t\t\t\t\t<p>EquaLab bir mentorluk ve hibe program\u0131. Program ile medya alan\u0131nda sosyal etki yaratacak, yenilik\u00e7i ve LGBT\u0130+, kad\u0131n veya k\u0131z \u00e7ocuklar\u0131n\u0131 oda\u011fa alan proje fikirlerine kapsamlar\u0131na ba\u011fl\u0131 olarak 5 bin Euro ile 50 bin Euro aras\u0131nda de\u011fi\u015fen miktarda hibe deste\u011fi sa\u011flan\u0131yor.<\/p>\t\t\t\t\t\t\t\t<\/div>\n\t\t\t\t<\/div>\n\t\t\t\t<\/div>\n\t\t\t\t\t<\/div>\n\t\t\t\t<\/div>\n\t\t\t\t\t<\/div>\n\t\t\t\t<\/div>\n\t\t\t\t<\/div>\n\t\t","protected":false},"excerpt":{"rendered":"<p>2018\u2019den bu yana NewsLabTurkey.org olarak d\u00fcnyada ve T\u00fcrkiye\u2019deki gazetecilik end\u00fcstrisine ili\u015fkin geli\u015fmeleri websitemiz \u00fczerinden T\u00fcrkiyeli gazetecilerle payla\u015f\u0131yoruz. T\u00fcrkiye\u2019deki gazetecilere y\u00f6nelik ilk e-b\u00fclten olan \u201cNe Okuyoruz\u201d her hafta 3000\u2019i a\u015fk\u0131n ki\u015finin<\/p>\n","protected":false},"author":2,"featured_media":0,"parent":0,"menu_order":0,"comment_status":"closed","ping_status":"closed","template":"","meta":{"footnotes":""},"class_list":["post-123","page","type-page","status-publish","hentry"],"_links":{"self":[{"href":"https:\/\/dijitalmedyaarastirmalari.org.tr\/index.php\/wp-json\/wp\/v2\/pages\/123","targetHints":{"allow":["GET"]}}],"collection":[{"href":"https:\/\/dijitalmedyaarastirmalari.org.tr\/index.php\/wp-json\/wp\/v2\/pages"}],"about":[{"href":"https:\/\/dijitalmedyaarastirmalari.org.tr\/index.php\/wp-json\/wp\/v2\/types\/page"}],"author":[{"embeddable":true,"href":"https:\/\/dijitalmedyaarastirmalari.org.tr\/index.php\/wp-json\/wp\/v2\/users\/2"}],"replies":[{"embeddable":true,"href":"https:\/\/dijitalmedyaarastirmalari.org.tr\/index.php\/wp-json\/wp\/v2\/comments?post=123"}],"version-history":[{"count":4,"href":"https:\/\/dijitalmedyaarastirmalari.org.tr\/index.php\/wp-json\/wp\/v2\/pages\/123\/revisions"}],"predecessor-version":[{"id":127,"href":"https:\/\/dijitalmedyaarastirmalari.org.tr\/index.php\/wp-json\/wp\/v2\/pages\/123\/revisions\/127"}],"wp:attachment":[{"href":"https:\/\/dijitalmedyaarastirmalari.org.tr\/index.php\/wp-json\/wp\/v2\/media?parent=123"}],"curies":[{"name":"wp","href":"https:\/\/api.w.org\/{rel}","templated":true}]}}